{"id":1715,"date":"2023-05-17T18:54:54","date_gmt":"2023-05-17T18:54:54","guid":{"rendered":"https:\/\/miexcursionencalafate.com\/?page_id=1715"},"modified":"2024-07-09T05:28:21","modified_gmt":"2024-07-09T05:28:21","slug":"tres-excursiones-imperdibles-en-el-calafate","status":"publish","type":"page","link":"https:\/\/miexcursionencalafate.com\/en\/tres-excursiones-imperdibles-en-el-calafate\/","title":{"rendered":"Tres Excursiones Imperdibles en El Calafate"},"content":{"rendered":"<div data-elementor-type=\"wp-page\" data-elementor-id=\"1715\" class=\"elementor elementor-1715\" data-elementor-post-type=\"page\">\n\t\t\t\t\t\t<section class=\"elementor-section elementor-top-section elementor-element elementor-element-23cf244 elementor-section-height-min-height elementor-section-boxed elementor-section-height-default elementor-section-items-middle\" data-id=\"23cf244\" data-element_type=\"section\" data-e-type=\"section\" data-settings=\"{&quot;background_background&quot;:&quot;classic&quot;}\">\n\t\t\t\t\t\t<div class=\"elementor-container elementor-column-gap-default\">\n\t\t\t\t\t<div class=\"elementor-column elementor-col-100 elementor-top-column elementor-element elementor-element-4844912\" data-id=\"4844912\" data-element_type=\"column\" data-e-type=\"column\">\n\t\t\t<div class=\"elementor-widget-wrap elementor-element-populated\">\n\t\t\t\t\t\t<div class=\"elementor-element elementor-element-b7930ba elementor-widget elementor-widget-heading\" data-id=\"b7930ba\" data-element_type=\"widget\" data-e-type=\"widget\" data-widget_type=\"heading.default\">\n\t\t\t\t<div class=\"elementor-widget-container\">\n\t\t\t\t\t<h2 class=\"elementor-heading-title elementor-size-default\">Tres Excursiones Imperdibles en El Calafate<\/h2>\t\t\t\t<\/div>\n\t\t\t\t<\/div>\n\t\t\t\t<div class=\"elementor-element elementor-element-37f5c5c elementor-widget elementor-widget-heading\" data-id=\"37f5c5c\" data-element_type=\"widget\" data-e-type=\"widget\" data-widget_type=\"heading.default\">\n\t\t\t\t<div class=\"elementor-widget-container\">\n\t\t\t\t\t<h2 class=\"elementor-heading-title elementor-size-default\">Descubre la Magia <br>de la Patagonia<\/h2>\t\t\t\t<\/div>\n\t\t\t\t<\/div>\n\t\t\t\t\t<\/div>\n\t\t<\/div>\n\t\t\t\t\t<\/div>\n\t\t<\/section>\n\t\t\t\t<section class=\"elementor-section elementor-top-section elementor-element elementor-element-788ffc5 elementor-section-boxed elementor-section-height-default elementor-section-height-default\" data-id=\"788ffc5\" data-element_type=\"section\" data-e-type=\"section\">\n\t\t\t\t\t\t<div class=\"elementor-container elementor-column-gap-default\">\n\t\t\t\t\t<div class=\"elementor-column elementor-col-100 elementor-top-column elementor-element elementor-element-dbc3d92\" data-id=\"dbc3d92\" data-element_type=\"column\" data-e-type=\"column\">\n\t\t\t<div class=\"elementor-widget-wrap elementor-element-populated\">\n\t\t\t\t\t\t<div class=\"elementor-element elementor-element-2793be7 elementor-widget elementor-widget-text-editor\" data-id=\"2793be7\" data-element_type=\"widget\" data-e-type=\"widget\" data-widget_type=\"text-editor.default\">\n\t\t\t\t<div class=\"elementor-widget-container\">\n\t\t\t\t\t\t\t\t\t<p><span style=\"font-weight: 400;\">El Calafate, ubicado en la impresionante regi\u00f3n de la <strong>Patagonia argentina<\/strong>, es un destino de ensue\u00f1o para los amantes de la naturaleza y la aventura. Con su belleza indomable y <strong>paisajes espectaculares<\/strong>, ofrece a los visitantes la oportunidad de explorar algunos de los tesoros naturales m\u00e1s cautivadores del mundo. En este art\u00edculo, te presentaremos tres excursiones imperdibles que no puedes dejar de hacer durante tu visita a El Calafate: <strong>el Glaciar Perito Moreno<\/strong>, <strong>la Navegaci\u00f3n Todo Glaciares<\/strong> y <strong>El Chalt\u00e9n<\/strong>.<\/span><\/p>\t\t\t\t\t\t\t\t<\/div>\n\t\t\t\t<\/div>\n\t\t\t\t<div class=\"elementor-element elementor-element-15fce4d elementor-widget-divider--view-line elementor-widget elementor-widget-divider\" data-id=\"15fce4d\" data-element_type=\"widget\" data-e-type=\"widget\" data-widget_type=\"divider.default\">\n\t\t\t\t<div class=\"elementor-widget-container\">\n\t\t\t\t\t\t\t<div class=\"elementor-divider\">\n\t\t\t<span class=\"elementor-divider-separator\">\n\t\t\t\t\t\t<\/span>\n\t\t<\/div>\n\t\t\t\t\t\t<\/div>\n\t\t\t\t<\/div>\n\t\t\t\t<div class=\"elementor-element elementor-element-13363bb elementor-widget elementor-widget-heading\" data-id=\"13363bb\" data-element_type=\"widget\" data-e-type=\"widget\" data-widget_type=\"heading.default\">\n\t\t\t\t<div class=\"elementor-widget-container\">\n\t\t\t\t\t<h2 class=\"elementor-heading-title elementor-size-default\">1 - Glaciar Perito Moreno<\/h2>\t\t\t\t<\/div>\n\t\t\t\t<\/div>\n\t\t\t\t<div class=\"elementor-element elementor-element-9394184 elementor-widget elementor-widget-text-editor\" data-id=\"9394184\" data-element_type=\"widget\" data-e-type=\"widget\" data-widget_type=\"text-editor.default\">\n\t\t\t\t<div class=\"elementor-widget-container\">\n\t\t\t\t\t\t\t\t\t<p><span style=\"font-weight: 400;\">Un Encuentro con la Grandeza Natural El Glaciar Perito Moreno es uno de los tesoros m\u00e1s preciados de la Patagonia. Esta masa de hielo majestuosa y en constante movimiento te dejar\u00e1 sin aliento. Podr\u00e1s caminar sobre las pasarelas frente al glaciar, admirando su imponente presencia y escuchando el retumbar de los desprendimientos de hielo. Experimentar\u00e1s la sensaci\u00f3n \u00fanica de estar cerca de esta maravilla natural, rodeado de un paisaje de monta\u00f1as y bosques que completan la experiencia. No olvides llevar tu c\u00e1mara para capturar momentos inolvidables.<\/span><\/p>\t\t\t\t\t\t\t\t<\/div>\n\t\t\t\t<\/div>\n\t\t\t\t\t<\/div>\n\t\t<\/div>\n\t\t\t\t\t<\/div>\n\t\t<\/section>\n\t\t\t\t<section class=\"elementor-section elementor-top-section elementor-element elementor-element-864f577 elementor-section-full_width elementor-section-height-min-height elementor-section-height-default elementor-section-items-middle\" data-id=\"864f577\" data-element_type=\"section\" data-e-type=\"section\" data-settings=\"{&quot;background_background&quot;:&quot;classic&quot;}\">\n\t\t\t\t\t\t<div class=\"elementor-container elementor-column-gap-no\">\n\t\t\t\t\t<div class=\"elementor-column elementor-col-100 elementor-top-column elementor-element elementor-element-0518aa7\" data-id=\"0518aa7\" data-element_type=\"column\" data-e-type=\"column\">\n\t\t\t<div class=\"elementor-widget-wrap\">\n\t\t\t\t\t\t\t<\/div>\n\t\t<\/div>\n\t\t\t\t\t<\/div>\n\t\t<\/section>\n\t\t\t\t<section class=\"elementor-section elementor-top-section elementor-element elementor-element-94beaf0 elementor-section-boxed elementor-section-height-default elementor-section-height-default\" data-id=\"94beaf0\" data-element_type=\"section\" data-e-type=\"section\">\n\t\t\t\t\t\t<div class=\"elementor-container elementor-column-gap-default\">\n\t\t\t\t\t<div class=\"elementor-column elementor-col-100 elementor-top-column elementor-element elementor-element-cf1eca1\" data-id=\"cf1eca1\" data-element_type=\"column\" data-e-type=\"column\">\n\t\t\t<div class=\"elementor-widget-wrap elementor-element-populated\">\n\t\t\t\t\t\t<div class=\"elementor-element elementor-element-c79dc90 elementor-widget-divider--view-line elementor-widget elementor-widget-divider\" data-id=\"c79dc90\" data-element_type=\"widget\" data-e-type=\"widget\" data-widget_type=\"divider.default\">\n\t\t\t\t<div class=\"elementor-widget-container\">\n\t\t\t\t\t\t\t<div class=\"elementor-divider\">\n\t\t\t<span class=\"elementor-divider-separator\">\n\t\t\t\t\t\t<\/span>\n\t\t<\/div>\n\t\t\t\t\t\t<\/div>\n\t\t\t\t<\/div>\n\t\t\t\t<div class=\"elementor-element elementor-element-8c3e538 elementor-widget elementor-widget-heading\" data-id=\"8c3e538\" data-element_type=\"widget\" data-e-type=\"widget\" data-widget_type=\"heading.default\">\n\t\t\t\t<div class=\"elementor-widget-container\">\n\t\t\t\t\t<h2 class=\"elementor-heading-title elementor-size-default\">2 - Navegaci\u00f3n Todo Glaciares<\/h2>\t\t\t\t<\/div>\n\t\t\t\t<\/div>\n\t\t\t\t<div class=\"elementor-element elementor-element-be17f5e elementor-widget elementor-widget-text-editor\" data-id=\"be17f5e\" data-element_type=\"widget\" data-e-type=\"widget\" data-widget_type=\"text-editor.default\">\n\t\t\t\t<div class=\"elementor-widget-container\">\n\t\t\t\t\t\t\t\t\t<p><span style=\"font-weight: 400;\">Un Viaje por un Mundo de Hielo La navegaci\u00f3n Todo Glaciares te llevar\u00e1 a trav\u00e9s de los paisajes m\u00e1s impresionantes de la regi\u00f3n. Durante esta excursi\u00f3n, te embarcar\u00e1s en un catamar\u00e1n y navegar\u00e1s por los glaciares Spegazzini y Upsala, entre otros. Quedar\u00e1s maravillado por la inmensidad de estas masas de hielo, las formas caprichosas y los tonos azules profundos. Adem\u00e1s, tendr\u00e1s la oportunidad de acercarte a las paredes de hielo y escuchar el sonido del desprendimiento de los icebergs. Esta experiencia \u00fanica te transportar\u00e1 a un mundo m\u00e1gico y te dejar\u00e1 una huella imborrable.Art\u00edculo patrocinado Encuentre algo para todos en nuestra colecci\u00f3n de calcetines coloridos, brillantes y elegantes. \u00a1C\u00f3mprelo individualmente o en paquetes para agregar color a su caj\u00f3n de <a href=\"https:\/\/www.high-endrolex.com\/\">sock<\/a><\/span><\/p>\t\t\t\t\t\t\t\t<\/div>\n\t\t\t\t<\/div>\n\t\t\t\t\t<\/div>\n\t\t<\/div>\n\t\t\t\t\t<\/div>\n\t\t<\/section>\n\t\t\t\t<section class=\"elementor-section elementor-top-section elementor-element elementor-element-0e2eae3 elementor-section-full_width elementor-section-height-min-height elementor-section-height-default elementor-section-items-middle\" data-id=\"0e2eae3\" data-element_type=\"section\" data-e-type=\"section\" data-settings=\"{&quot;background_background&quot;:&quot;classic&quot;}\">\n\t\t\t\t\t\t<div class=\"elementor-container elementor-column-gap-no\">\n\t\t\t\t\t<div class=\"elementor-column elementor-col-100 elementor-top-column elementor-element elementor-element-9333890\" data-id=\"9333890\" data-element_type=\"column\" data-e-type=\"column\">\n\t\t\t<div class=\"elementor-widget-wrap\">\n\t\t\t\t\t\t\t<\/div>\n\t\t<\/div>\n\t\t\t\t\t<\/div>\n\t\t<\/section>\n\t\t\t\t<section class=\"elementor-section elementor-top-section elementor-element elementor-element-c9b90f7 elementor-section-boxed elementor-section-height-default elementor-section-height-default\" data-id=\"c9b90f7\" data-element_type=\"section\" data-e-type=\"section\">\n\t\t\t\t\t\t<div class=\"elementor-container elementor-column-gap-default\">\n\t\t\t\t\t<div class=\"elementor-column elementor-col-100 elementor-top-column elementor-element elementor-element-52dd1e4\" data-id=\"52dd1e4\" data-element_type=\"column\" data-e-type=\"column\">\n\t\t\t<div class=\"elementor-widget-wrap elementor-element-populated\">\n\t\t\t\t\t\t<div class=\"elementor-element elementor-element-8d89282 elementor-widget-divider--view-line elementor-widget elementor-widget-divider\" data-id=\"8d89282\" data-element_type=\"widget\" data-e-type=\"widget\" data-widget_type=\"divider.default\">\n\t\t\t\t<div class=\"elementor-widget-container\">\n\t\t\t\t\t\t\t<div class=\"elementor-divider\">\n\t\t\t<span class=\"elementor-divider-separator\">\n\t\t\t\t\t\t<\/span>\n\t\t<\/div>\n\t\t\t\t\t\t<\/div>\n\t\t\t\t<\/div>\n\t\t\t\t<div class=\"elementor-element elementor-element-ad1ec8e elementor-widget elementor-widget-heading\" data-id=\"ad1ec8e\" data-element_type=\"widget\" data-e-type=\"widget\" data-widget_type=\"heading.default\">\n\t\t\t\t<div class=\"elementor-widget-container\">\n\t\t\t\t\t<h2 class=\"elementor-heading-title elementor-size-default\">3 - El Chalt\u00e9n<\/h2>\t\t\t\t<\/div>\n\t\t\t\t<\/div>\n\t\t\t\t<div class=\"elementor-element elementor-element-18cce67 elementor-widget elementor-widget-text-editor\" data-id=\"18cce67\" data-element_type=\"widget\" data-e-type=\"widget\" data-widget_type=\"text-editor.default\">\n\t\t\t\t<div class=\"elementor-widget-container\">\n\t\t\t\t\t\t\t\t\t<p><span style=\"font-weight: 400;\">La Capital Nacional del Trekking Si eres amante del senderismo y la aventura, El Chalt\u00e9n es un lugar que no puedes dejar de visitar. Conocido como la \u00abCapital Nacional del Trekking\u00bb, este pintoresco pueblo es la puerta de entrada al majestuoso Parque Nacional Los Glaciares. Aqu\u00ed encontrar\u00e1s una amplia variedad de senderos que te llevar\u00e1n a incre\u00edbles miradores, lagos de color turquesa y monta\u00f1as imponentes, incluyendo el famoso monte Fitz Roy. Prep\u00e1rate para sumergirte en la naturaleza salvaje y disfrutar de paisajes de ensue\u00f1o mientras exploras este para\u00edso para los amantes del aire libre.<\/span><\/p>\t\t\t\t\t\t\t\t<\/div>\n\t\t\t\t<\/div>\n\t\t\t\t\t<\/div>\n\t\t<\/div>\n\t\t\t\t\t<\/div>\n\t\t<\/section>\n\t\t\t\t<section class=\"elementor-section elementor-top-section elementor-element elementor-element-b86a478 elementor-section-full_width elementor-section-height-min-height elementor-section-height-default elementor-section-items-middle\" data-id=\"b86a478\" data-element_type=\"section\" data-e-type=\"section\" data-settings=\"{&quot;background_background&quot;:&quot;classic&quot;}\">\n\t\t\t\t\t\t<div class=\"elementor-container elementor-column-gap-no\">\n\t\t\t\t\t<div class=\"elementor-column elementor-col-100 elementor-top-column elementor-element elementor-element-7d3c674\" data-id=\"7d3c674\" data-element_type=\"column\" data-e-type=\"column\">\n\t\t\t<div class=\"elementor-widget-wrap\">\n\t\t\t\t\t\t\t<\/div>\n\t\t<\/div>\n\t\t\t\t\t<\/div>\n\t\t<\/section>\n\t\t\t\t<section class=\"elementor-section elementor-top-section elementor-element elementor-element-5863cc6 elementor-section-boxed elementor-section-height-default elementor-section-height-default\" data-id=\"5863cc6\" data-element_type=\"section\" data-e-type=\"section\">\n\t\t\t\t\t\t<div class=\"elementor-container elementor-column-gap-default\">\n\t\t\t\t\t<div class=\"elementor-column elementor-col-100 elementor-top-column elementor-element elementor-element-582f18f\" data-id=\"582f18f\" data-element_type=\"column\" data-e-type=\"column\">\n\t\t\t<div class=\"elementor-widget-wrap elementor-element-populated\">\n\t\t\t\t\t\t<div class=\"elementor-element elementor-element-75ac60e elementor-widget elementor-widget-text-editor\" data-id=\"75ac60e\" data-element_type=\"widget\" data-e-type=\"widget\" data-widget_type=\"text-editor.default\">\n\t\t\t\t<div class=\"elementor-widget-container\">\n\t\t\t\t\t\t\t\t\t<p><span style=\"font-weight: 400;\">El Calafate te espera con sus tres excursiones imperdibles: el Glaciar Perito Moreno, la Navegaci\u00f3n Todo Glaciares y El Chalt\u00e9n. Cada una de ellas te ofrecer\u00e1 una experiencia \u00fanica y envolvente en medio de la magnificencia natural de la Patagonia. No pierdas la oportunidad de descubrir estos lugares incre\u00edbles, donde la belleza y la aventura se fusionan para brindarte recuerdos inolvidables.<\/span><\/p>\t\t\t\t\t\t\t\t<\/div>\n\t\t\t\t<\/div>\n\t\t\t\t\t<\/div>\n\t\t<\/div>\n\t\t\t\t\t<\/div>\n\t\t<\/section>\n\t\t\t\t<section class=\"elementor-section elementor-top-section elementor-element elementor-element-47a85d31 elementor-section-content-middle elementor-reverse-mobile elementor-section-boxed elementor-section-height-default elementor-section-height-default\" data-id=\"47a85d31\" data-element_type=\"section\" data-e-type=\"section\" data-settings=\"{&quot;background_background&quot;:&quot;classic&quot;}\">\n\t\t\t\t\t\t<div class=\"elementor-container elementor-column-gap-no\">\n\t\t\t\t\t<div class=\"elementor-column elementor-col-50 elementor-top-column elementor-element elementor-element-23c664c9\" data-id=\"23c664c9\" data-element_type=\"column\" data-e-type=\"column\">\n\t\t\t<div class=\"elementor-widget-wrap elementor-element-populated\">\n\t\t\t\t\t\t<div class=\"elementor-element elementor-element-932aa8b elementor-widget elementor-widget-heading\" data-id=\"932aa8b\" data-element_type=\"widget\" data-e-type=\"widget\" data-widget_type=\"heading.default\">\n\t\t\t\t<div class=\"elementor-widget-container\">\n\t\t\t\t\t<h2 class=\"elementor-heading-title elementor-size-default\">Rellena nuestro formulario de contacto y envia la palabra \u00a1Excursi\u00f3n!  para m\u00e1s informaci\u00f3n<\/h2>\t\t\t\t<\/div>\n\t\t\t\t<\/div>\n\t\t\t\t<div class=\"elementor-element elementor-element-80719d4 elementor-button-align-stretch elementor-widget elementor-widget-form\" data-id=\"80719d4\" data-element_type=\"widget\" data-e-type=\"widget\" data-settings=\"{&quot;step_next_label&quot;:&quot;Next&quot;,&quot;step_previous_label&quot;:&quot;Previous&quot;,&quot;button_width&quot;:&quot;100&quot;,&quot;step_type&quot;:&quot;number_text&quot;,&quot;step_icon_shape&quot;:&quot;circle&quot;}\" data-widget_type=\"form.default\">\n\t\t\t\t<div class=\"elementor-widget-container\">\n\t\t\t\t\t\t\t<form class=\"elementor-form\" method=\"post\" name=\"New Form\" aria-label=\"New Form\" action=\"\">\n\t\t\t<input type=\"hidden\" name=\"post_id\" value=\"1715\"\/>\n\t\t\t<input type=\"hidden\" name=\"form_id\" value=\"80719d4\"\/>\n\t\t\t<input type=\"hidden\" name=\"referer_title\" value=\"Tres Excursiones Imperdibles en El Calafate - Mi Excursion en Calafate\" \/>\n\n\t\t\t\t\t\t\t<input type=\"hidden\" name=\"queried_id\" value=\"1715\"\/>\n\t\t\t\n\t\t\t<div class=\"ele-extensions-hide-form elementor-form-fields-wrapper elementor-labels-\">\n\t\t\t\t\t\t\t\t<div class=\"elementor-field-type-text elementor-field-group elementor-column elementor-field-group-name elementor-col-100\">\n\t\t\t\t\t\t\t\t\t\t\t\t<label for=\"form-field-name\" class=\"elementor-field-label elementor-screen-only\">\n\t\t\t\t\t\t\t\tNombre\t\t\t\t\t\t\t<\/label>\n\t\t\t\t\t\t\t\t\t\t\t\t\t\t<input size=\"1\" type=\"text\" name=\"form_fields[name]\" id=\"form-field-name\" class=\"elementor-field elementor-size-sm  elementor-field-textual\" placeholder=\"Nombre\">\n\t\t\t\t\t\t\t\t\t\t\t<\/div>\n\t\t\t\t\t\t\t\t<div class=\"elementor-field-type-email elementor-field-group elementor-column elementor-field-group-email elementor-col-100 elementor-field-required\">\n\t\t\t\t\t\t\t\t\t\t\t\t<label for=\"form-field-email\" class=\"elementor-field-label elementor-screen-only\">\n\t\t\t\t\t\t\t\tCorreo\t\t\t\t\t\t\t<\/label>\n\t\t\t\t\t\t\t\t\t\t\t\t\t\t<input size=\"1\" type=\"email\" name=\"form_fields[email]\" id=\"form-field-email\" class=\"elementor-field elementor-size-sm  elementor-field-textual\" placeholder=\"Correo electr\u00f3nico\" required=\"required\">\n\t\t\t\t\t\t\t\t\t\t\t<\/div>\n\t\t\t\t\t\t\t\t<div class=\"elementor-field-type-email elementor-field-group elementor-column elementor-field-group-field_fb4c39b elementor-col-100 elementor-field-required\">\n\t\t\t\t\t\t\t\t\t\t\t\t<label for=\"form-field-field_fb4c39b\" class=\"elementor-field-label elementor-screen-only\">\n\t\t\t\t\t\t\t\tT\u00e9lefono\t\t\t\t\t\t\t<\/label>\n\t\t\t\t\t\t\t\t\t\t\t\t\t\t<input size=\"1\" type=\"email\" name=\"form_fields[field_fb4c39b]\" id=\"form-field-field_fb4c39b\" class=\"elementor-field elementor-size-sm  elementor-field-textual\" placeholder=\"T\u00e9lefono\" required=\"required\">\n\t\t\t\t\t\t\t\t\t\t\t<\/div>\n\t\t\t\t\t\t\t\t<div class=\"elementor-field-type-textarea elementor-field-group elementor-column elementor-field-group-field_7824d04 elementor-col-100 elementor-field-required\">\n\t\t\t\t\t\t\t\t\t\t\t\t<label for=\"form-field-field_7824d04\" class=\"elementor-field-label elementor-screen-only\">\n\t\t\t\t\t\t\t\tMensaje\t\t\t\t\t\t\t<\/label>\n\t\t\t\t\t\t<textarea class=\"elementor-field-textual elementor-field  elementor-size-sm\" name=\"form_fields[field_7824d04]\" id=\"form-field-field_7824d04\" rows=\"4\" placeholder=\"Mensaje\" required=\"required\"><\/textarea>\t\t\t\t<\/div>\n\t\t\t\t\t\t\t\t<div class=\"elementor-field-group elementor-column elementor-field-type-submit elementor-col-100 e-form__buttons\">\n\t\t\t\t\t<button class=\"elementor-button elementor-size-sm\" type=\"submit\">\n\t\t\t\t\t\t<span class=\"elementor-button-content-wrapper\">\n\t\t\t\t\t\t\t\t\t\t\t\t\t\t\t\t\t\t\t\t\t\t<span class=\"elementor-button-text\">solicitar informaci\u00f3n<\/span>\n\t\t\t\t\t\t\t\t\t\t\t\t\t<\/span>\n\t\t\t\t\t<\/button>\n\t\t\t\t<\/div>\n\t\t\t<\/div>\n\t\t<input type=\"hidden\" name=\"trp-form-language\" value=\"en\"\/><\/form>\n\t\t\t\t\t\t<\/div>\n\t\t\t\t<\/div>\n\t\t\t\t\t<\/div>\n\t\t<\/div>\n\t\t\t\t<div class=\"elementor-column elementor-col-50 elementor-top-column elementor-element elementor-element-3e31ac3a\" data-id=\"3e31ac3a\" data-element_type=\"column\" data-e-type=\"column\" data-settings=\"{&quot;background_background&quot;:&quot;classic&quot;}\">\n\t\t\t<div class=\"elementor-widget-wrap elementor-element-populated\">\n\t\t\t\t\t\t<div class=\"elementor-element elementor-element-f724bb0 elementor-widget elementor-widget-image\" data-id=\"f724bb0\" data-element_type=\"widget\" data-e-type=\"widget\" data-widget_type=\"image.default\">\n\t\t\t\t<div class=\"elementor-widget-container\">\n\t\t\t\t\t\t\t\t\t\t\t\t\t\t\t<img fetchpriority=\"high\" decoding=\"async\" width=\"660\" height=\"601\" src=\"https:\/\/miexcursionencalafate.com\/wp-content\/uploads\/2023\/05\/img-promo.png\" class=\"attachment-large size-large wp-image-1831\" alt=\"\" srcset=\"https:\/\/miexcursionencalafate.com\/wp-content\/uploads\/2023\/05\/img-promo.png 996w, https:\/\/miexcursionencalafate.com\/wp-content\/uploads\/2023\/05\/img-promo-300x273.png 300w, https:\/\/miexcursionencalafate.com\/wp-content\/uploads\/2023\/05\/img-promo-768x699.png 768w\" sizes=\"(max-width: 660px) 100vw, 660px\" \/>\t\t\t\t\t\t\t\t\t\t\t\t\t\t\t<\/div>\n\t\t\t\t<\/div>\n\t\t\t\t\t<\/div>\n\t\t<\/div>\n\t\t\t\t\t<\/div>\n\t\t<\/section>\n\t\t\t\t<\/div>","protected":false},"excerpt":{"rendered":"<p>Tres Excursiones Imperdibles en El Calafate Descubre la Magia de la Patagonia El Calafate, ubicado en la impresionante regi\u00f3n de la Patagonia argentina, es un destino de ensue\u00f1o para los amantes de la naturaleza y la aventura. Con su belleza indomable y paisajes espectaculares, ofrece a los visitantes la oportunidad de explorar algunos de los &hellip; <br \/><a href=\"https:\/\/miexcursionencalafate.com\/en\/tres-excursiones-imperdibles-en-el-calafate\/\" class=\"more-link\">Continue reading <span class=\"screen-reader-text\">Tres Excursiones Imperdibles en El Calafate<\/span><\/a><\/p>","protected":false},"author":1,"featured_media":0,"parent":0,"menu_order":0,"comment_status":"closed","ping_status":"closed","template":"","meta":{"_uag_custom_page_level_css":"","_monsterinsights_skip_tracking":false,"_monsterinsights_sitenote_active":false,"_monsterinsights_sitenote_note":"","_monsterinsights_sitenote_category":0,"footnotes":""},"class_list":["post-1715","page","type-page","status-publish","hentry"],"aioseo_notices":[],"uagb_featured_image_src":{"full":false,"thumbnail":false,"medium":false,"medium_large":false,"large":false,"1536x1536":false,"2048x2048":false,"trp-custom-language-flag":false,"ba-thumbnail":false,"ba-thumbnail-sq":false,"post-thumbnail":false,"travlio-blog-grid":false,"travlio-grid-thumbnail":false,"travlio-gallery-rectangle":false},"uagb_author_info":{"display_name":"MIAMI","author_link":"https:\/\/miexcursionencalafate.com\/en\/author\/miami\/"},"uagb_comment_info":0,"uagb_excerpt":"Tres Excursiones Imperdibles en El Calafate Descubre la Magia de la Patagonia El Calafate, ubicado en la impresionante regi\u00f3n de la Patagonia argentina, es un destino de ensue\u00f1o para los amantes de la naturaleza y la aventura. Con su belleza indomable y paisajes espectaculares, ofrece a los visitantes la oportunidad de explorar algunos de los&hellip;","_links":{"self":[{"href":"https:\/\/miexcursionencalafate.com\/en\/wp-json\/wp\/v2\/pages\/1715","targetHints":{"allow":["GET"]}}],"collection":[{"href":"https:\/\/miexcursionencalafate.com\/en\/wp-json\/wp\/v2\/pages"}],"about":[{"href":"https:\/\/miexcursionencalafate.com\/en\/wp-json\/wp\/v2\/types\/page"}],"author":[{"embeddable":true,"href":"https:\/\/miexcursionencalafate.com\/en\/wp-json\/wp\/v2\/users\/1"}],"replies":[{"embeddable":true,"href":"https:\/\/miexcursionencalafate.com\/en\/wp-json\/wp\/v2\/comments?post=1715"}],"version-history":[{"count":30,"href":"https:\/\/miexcursionencalafate.com\/en\/wp-json\/wp\/v2\/pages\/1715\/revisions"}],"predecessor-version":[{"id":1921,"href":"https:\/\/miexcursionencalafate.com\/en\/wp-json\/wp\/v2\/pages\/1715\/revisions\/1921"}],"wp:attachment":[{"href":"https:\/\/miexcursionencalafate.com\/en\/wp-json\/wp\/v2\/media?parent=1715"}],"curies":[{"name":"wp","href":"https:\/\/api.w.org\/{rel}","templated":true}]}}