{"id":220,"date":"2023-03-13T14:35:55","date_gmt":"2023-03-13T14:35:55","guid":{"rendered":"https:\/\/miexcursionencalafate.com\/?page_id=220"},"modified":"2023-04-29T19:58:31","modified_gmt":"2023-04-29T19:58:31","slug":"lugares","status":"publish","type":"page","link":"https:\/\/miexcursionencalafate.com\/en\/lugares\/","title":{"rendered":"Lugares"},"content":{"rendered":"<div data-elementor-type=\"wp-page\" data-elementor-id=\"220\" class=\"elementor elementor-220\" data-elementor-post-type=\"page\">\n\t\t\t\t\t\t<section class=\"elementor-section elementor-top-section elementor-element elementor-element-c0f5908 elementor-section-height-min-height elementor-section-content-middle elementor-section-boxed elementor-section-height-default elementor-section-items-middle\" data-id=\"c0f5908\" data-element_type=\"section\" data-e-type=\"section\" data-settings=\"{&quot;background_background&quot;:&quot;classic&quot;}\">\n\t\t\t\t\t\t<div class=\"elementor-container elementor-column-gap-default\">\n\t\t\t\t\t<div class=\"elementor-column elementor-col-100 elementor-top-column elementor-element elementor-element-92846f6\" data-id=\"92846f6\" data-element_type=\"column\" data-e-type=\"column\">\n\t\t\t<div class=\"elementor-widget-wrap elementor-element-populated\">\n\t\t\t\t\t\t<div class=\"elementor-element elementor-element-547b8c0 elementor-widget elementor-widget-heading\" data-id=\"547b8c0\" data-element_type=\"widget\" data-e-type=\"widget\" data-widget_type=\"heading.default\">\n\t\t\t\t<div class=\"elementor-widget-container\">\n\t\t\t\t\t<h1 class=\"elementor-heading-title elementor-size-default\">Lugares disponibles<\/h1>\t\t\t\t<\/div>\n\t\t\t\t<\/div>\n\t\t\t\t<div class=\"elementor-element elementor-element-8e8f8eb elementor-widget__width-initial elementor-widget elementor-widget-text-editor\" data-id=\"8e8f8eb\" data-element_type=\"widget\" data-e-type=\"widget\" data-widget_type=\"text-editor.default\">\n\t\t\t\t<div class=\"elementor-widget-container\">\n\t\t\t\t\t\t\t\t\t<p>Explora una amplia variedad de aventuras para que puedas explorar tus intereses y descubrir nuevos lugares. Trekking, navegaci\u00f3n y m\u00e1s para explorar esta hermosa regi\u00f3n. \u00a1Avent\u00farate con nosotros!<\/p>\t\t\t\t\t\t\t\t<\/div>\n\t\t\t\t<\/div>\n\t\t\t\t\t<\/div>\n\t\t<\/div>\n\t\t\t\t\t<\/div>\n\t\t<\/section>\n\t\t\t\t<section class=\"elementor-section elementor-top-section elementor-element elementor-element-a8ee24c elementor-section-boxed elementor-section-height-default elementor-section-height-default\" data-id=\"a8ee24c\" data-element_type=\"section\" data-e-type=\"section\" data-settings=\"{&quot;background_background&quot;:&quot;classic&quot;}\">\n\t\t\t\t\t\t<div class=\"elementor-container elementor-column-gap-default\">\n\t\t\t\t\t<div class=\"elementor-column elementor-col-100 elementor-top-column elementor-element elementor-element-89badd9\" data-id=\"89badd9\" data-element_type=\"column\" data-e-type=\"column\">\n\t\t\t<div class=\"elementor-widget-wrap elementor-element-populated\">\n\t\t\t\t\t\t<div class=\"elementor-element elementor-element-b5f793c elementor-cta--skin-cover elementor-bg-transform elementor-bg-transform-move-up elementor-widget__width-initial elementor-animated-content elementor-widget elementor-widget-call-to-action\" data-id=\"b5f793c\" data-element_type=\"widget\" data-e-type=\"widget\" data-widget_type=\"call-to-action.default\">\n\t\t\t\t<div class=\"elementor-widget-container\">\n\t\t\t\t\t\t\t<div class=\"elementor-cta\">\n\t\t\t\t\t<div class=\"elementor-cta__bg-wrapper\">\n\t\t\t\t<div class=\"elementor-cta__bg elementor-bg\" style=\"background-image: url(https:\/\/miexcursionencalafate.com\/wp-content\/uploads\/2023\/04\/christian-bowen-uknf_4Umtqc-unsplash-1.jpg);\" role=\"img\" aria-label=\"christian-bowen-uknf_4Umtqc-unsplash (1)\"><\/div>\n\t\t\t\t<div class=\"elementor-cta__bg-overlay\"><\/div>\n\t\t\t<\/div>\n\t\t\t\t\t\t\t<div class=\"elementor-cta__content\">\n\t\t\t\t\n\t\t\t\t\t\t\t\t\t<h2 class=\"elementor-cta__title elementor-cta__content-item elementor-content-item elementor-animated-item--grow\">\n\t\t\t\t\t\tNavegaci\u00f3n\t\t\t\t\t<\/h2>\n\t\t\t\t\n\t\t\t\t\n\t\t\t\t\t\t\t\t\t<div class=\"elementor-cta__button-wrapper elementor-cta__content-item elementor-content-item elementor-animated-item--grow\">\n\t\t\t\t\t<a class=\"elementor-cta__button elementor-button elementor-size-\" href=\"https:\/\/miexcursionencalafate.com\/en\/categories\/navegacion\/\">\n\t\t\t\t\t\tExplorar\t\t\t\t\t<\/a>\n\t\t\t\t\t<\/div>\n\t\t\t\t\t\t\t<\/div>\n\t\t\t\t\t\t<\/div>\n\t\t\t\t\t\t<\/div>\n\t\t\t\t<\/div>\n\t\t\t\t<div class=\"elementor-element elementor-element-d49a417 elementor-cta--skin-cover elementor-bg-transform elementor-bg-transform-move-up elementor-widget__width-initial elementor-animated-content elementor-widget elementor-widget-call-to-action\" data-id=\"d49a417\" data-element_type=\"widget\" data-e-type=\"widget\" data-widget_type=\"call-to-action.default\">\n\t\t\t\t<div class=\"elementor-widget-container\">\n\t\t\t\t\t\t\t<div class=\"elementor-cta\">\n\t\t\t\t\t<div class=\"elementor-cta__bg-wrapper\">\n\t\t\t\t<div class=\"elementor-cta__bg elementor-bg\" style=\"background-image: url(https:\/\/miexcursionencalafate.com\/wp-content\/uploads\/2023\/04\/toomas-tartes-Yizrl9N_eDA-unsplash-1.jpg);\" role=\"img\" aria-label=\"toomas-tartes-Yizrl9N_eDA-unsplash (1)\"><\/div>\n\t\t\t\t<div class=\"elementor-cta__bg-overlay\"><\/div>\n\t\t\t<\/div>\n\t\t\t\t\t\t\t<div class=\"elementor-cta__content\">\n\t\t\t\t\n\t\t\t\t\t\t\t\t\t<h2 class=\"elementor-cta__title elementor-cta__content-item elementor-content-item elementor-animated-item--grow\">\n\t\t\t\t\t\tTrekking\t\t\t\t\t<\/h2>\n\t\t\t\t\n\t\t\t\t\n\t\t\t\t\t\t\t\t\t<div class=\"elementor-cta__button-wrapper elementor-cta__content-item elementor-content-item elementor-animated-item--grow\">\n\t\t\t\t\t<a class=\"elementor-cta__button elementor-button elementor-size-\" href=\"https:\/\/miexcursionencalafate.com\/en\/categories\/trekking\/\">\n\t\t\t\t\t\tExplorar\t\t\t\t\t<\/a>\n\t\t\t\t\t<\/div>\n\t\t\t\t\t\t\t<\/div>\n\t\t\t\t\t\t<\/div>\n\t\t\t\t\t\t<\/div>\n\t\t\t\t<\/div>\n\t\t\t\t<div class=\"elementor-element elementor-element-35e8e6a elementor-cta--skin-cover elementor-bg-transform elementor-bg-transform-move-up elementor-widget__width-initial elementor-animated-content elementor-widget elementor-widget-call-to-action\" data-id=\"35e8e6a\" data-element_type=\"widget\" data-e-type=\"widget\" data-widget_type=\"call-to-action.default\">\n\t\t\t\t<div class=\"elementor-widget-container\">\n\t\t\t\t\t\t\t<div class=\"elementor-cta\">\n\t\t\t\t\t<div class=\"elementor-cta__bg-wrapper\">\n\t\t\t\t<div class=\"elementor-cta__bg elementor-bg\" style=\"background-image: url(https:\/\/miexcursionencalafate.com\/wp-content\/uploads\/2023\/04\/fabrizio-conti-FoY_p4LoPSM-unsplash-1.jpg);\" role=\"img\" aria-label=\"fabrizio-conti-FoY_p4LoPSM-unsplash (1)\"><\/div>\n\t\t\t\t<div class=\"elementor-cta__bg-overlay\"><\/div>\n\t\t\t<\/div>\n\t\t\t\t\t\t\t<div class=\"elementor-cta__content\">\n\t\t\t\t\n\t\t\t\t\t\t\t\t\t<h2 class=\"elementor-cta__title elementor-cta__content-item elementor-content-item elementor-animated-item--grow\">\n\t\t\t\t\t\tTours\t\t\t\t\t<\/h2>\n\t\t\t\t\n\t\t\t\t\n\t\t\t\t\t\t\t\t\t<div class=\"elementor-cta__button-wrapper elementor-cta__content-item elementor-content-item elementor-animated-item--grow\">\n\t\t\t\t\t<a class=\"elementor-cta__button elementor-button elementor-size-\" href=\"https:\/\/miexcursionencalafate.com\/en\/categories\/tour\/\">\n\t\t\t\t\t\tExplorar\t\t\t\t\t<\/a>\n\t\t\t\t\t<\/div>\n\t\t\t\t\t\t\t<\/div>\n\t\t\t\t\t\t<\/div>\n\t\t\t\t\t\t<\/div>\n\t\t\t\t<\/div>\n\t\t\t\t<div class=\"elementor-element elementor-element-4366314 elementor-cta--skin-cover elementor-bg-transform elementor-bg-transform-move-up elementor-widget__width-initial elementor-animated-content elementor-widget elementor-widget-call-to-action\" data-id=\"4366314\" data-element_type=\"widget\" data-e-type=\"widget\" data-widget_type=\"call-to-action.default\">\n\t\t\t\t<div class=\"elementor-widget-container\">\n\t\t\t\t\t\t\t<div class=\"elementor-cta\">\n\t\t\t\t\t<div class=\"elementor-cta__bg-wrapper\">\n\t\t\t\t<div class=\"elementor-cta__bg elementor-bg\" style=\"background-image: url(https:\/\/miexcursionencalafate.com\/wp-content\/uploads\/2023\/04\/anders-nielsen-hslk5-AFFpY-unsplash-1.jpg);\" role=\"img\" aria-label=\"anders-nielsen-hslk5-AFFpY-unsplash (1)\"><\/div>\n\t\t\t\t<div class=\"elementor-cta__bg-overlay\"><\/div>\n\t\t\t<\/div>\n\t\t\t\t\t\t\t<div class=\"elementor-cta__content\">\n\t\t\t\t\n\t\t\t\t\t\t\t\t\t<h2 class=\"elementor-cta__title elementor-cta__content-item elementor-content-item elementor-animated-item--grow\">\n\t\t\t\t\t\tAventura\t\t\t\t\t<\/h2>\n\t\t\t\t\n\t\t\t\t\n\t\t\t\t\t\t\t\t\t<div class=\"elementor-cta__button-wrapper elementor-cta__content-item elementor-content-item elementor-animated-item--grow\">\n\t\t\t\t\t<a class=\"elementor-cta__button elementor-button elementor-size-\" href=\"https:\/\/miexcursionencalafate.com\/en\/categories\/aventura\/\">\n\t\t\t\t\t\tExplorar\t\t\t\t\t<\/a>\n\t\t\t\t\t<\/div>\n\t\t\t\t\t\t\t<\/div>\n\t\t\t\t\t\t<\/div>\n\t\t\t\t\t\t<\/div>\n\t\t\t\t<\/div>\n\t\t\t\t\t<\/div>\n\t\t<\/div>\n\t\t\t\t\t<\/div>\n\t\t<\/section>\n\t\t\t\t<\/div>","protected":false},"excerpt":{"rendered":"<p>Lugares disponibles Explora una amplia variedad de aventuras para que puedas explorar tus intereses y descubrir nuevos lugares. Trekking, navegaci\u00f3n y m\u00e1s para explorar esta hermosa regi\u00f3n. \u00a1Avent\u00farate con nosotros! Navegaci\u00f3n Explorar Trekking Explorar Tours Explorar Aventura Explorar<\/p>","protected":false},"author":1,"featured_media":0,"parent":0,"menu_order":0,"comment_status":"closed","ping_status":"closed","template":"","meta":{"_uag_custom_page_level_css":"","_monsterinsights_skip_tracking":false,"_monsterinsights_sitenote_active":false,"_monsterinsights_sitenote_note":"","_monsterinsights_sitenote_category":0,"footnotes":""},"class_list":["post-220","page","type-page","status-publish","hentry"],"aioseo_notices":[],"uagb_featured_image_src":{"full":false,"thumbnail":false,"medium":false,"medium_large":false,"large":false,"1536x1536":false,"2048x2048":false,"trp-custom-language-flag":false,"ba-thumbnail":false,"ba-thumbnail-sq":false,"post-thumbnail":false,"travlio-blog-grid":false,"travlio-grid-thumbnail":false,"travlio-gallery-rectangle":false},"uagb_author_info":{"display_name":"MIAMI","author_link":"https:\/\/miexcursionencalafate.com\/en\/author\/miami\/"},"uagb_comment_info":0,"uagb_excerpt":"Lugares disponibles Explora una amplia variedad de aventuras para que puedas explorar tus intereses y descubrir nuevos lugares. Trekking, navegaci\u00f3n y m\u00e1s para explorar esta hermosa regi\u00f3n. \u00a1Avent\u00farate con nosotros! Navegaci\u00f3n Explorar Trekking Explorar Tours Explorar Aventura Explorar","_links":{"self":[{"href":"https:\/\/miexcursionencalafate.com\/en\/wp-json\/wp\/v2\/pages\/220","targetHints":{"allow":["GET"]}}],"collection":[{"href":"https:\/\/miexcursionencalafate.com\/en\/wp-json\/wp\/v2\/pages"}],"about":[{"href":"https:\/\/miexcursionencalafate.com\/en\/wp-json\/wp\/v2\/types\/page"}],"author":[{"embeddable":true,"href":"https:\/\/miexcursionencalafate.com\/en\/wp-json\/wp\/v2\/users\/1"}],"replies":[{"embeddable":true,"href":"https:\/\/miexcursionencalafate.com\/en\/wp-json\/wp\/v2\/comments?post=220"}],"version-history":[{"count":19,"href":"https:\/\/miexcursionencalafate.com\/en\/wp-json\/wp\/v2\/pages\/220\/revisions"}],"predecessor-version":[{"id":1331,"href":"https:\/\/miexcursionencalafate.com\/en\/wp-json\/wp\/v2\/pages\/220\/revisions\/1331"}],"wp:attachment":[{"href":"https:\/\/miexcursionencalafate.com\/en\/wp-json\/wp\/v2\/media?parent=220"}],"curies":[{"name":"wp","href":"https:\/\/api.w.org\/{rel}","templated":true}]}}