{"id":222,"date":"2023-03-13T14:36:05","date_gmt":"2023-03-13T14:36:05","guid":{"rendered":"https:\/\/miexcursionencalafate.com\/?page_id=222"},"modified":"2024-08-06T17:02:51","modified_gmt":"2024-08-06T17:02:51","slug":"contacto","status":"publish","type":"page","link":"https:\/\/miexcursionencalafate.com\/en\/contacto\/","title":{"rendered":"Contacto"},"content":{"rendered":"<div data-elementor-type=\"wp-page\" data-elementor-id=\"222\" class=\"elementor elementor-222\" data-elementor-post-type=\"page\">\n\t\t\t\t\t\t<header class=\"elementor-section elementor-top-section elementor-element elementor-element-2da3e95 elementor-section-height-min-height elementor-section-boxed elementor-section-height-default elementor-section-items-middle\" data-id=\"2da3e95\" data-element_type=\"section\" data-e-type=\"section\" data-settings=\"{&quot;background_background&quot;:&quot;classic&quot;,&quot;shape_divider_bottom&quot;:&quot;arrow&quot;,&quot;shape_divider_bottom_negative&quot;:&quot;yes&quot;}\">\n\t\t\t\t\t\t\t<div class=\"elementor-background-overlay\"><\/div>\n\t\t\t\t\t\t<div class=\"elementor-shape elementor-shape-bottom\" aria-hidden=\"true\" data-negative=\"true\">\n\t\t\t<svg xmlns=\"http:\/\/www.w3.org\/2000\/svg\" viewbox=\"0 0 700 10\" preserveaspectratio=\"none\">\n\t<path class=\"elementor-shape-fill\" d=\"M360 0L350 9.9 340 0 0 0 0 10 700 10 700 0\"\/>\n<\/svg>\t\t<\/div>\n\t\t\t\t\t<div class=\"elementor-container elementor-column-gap-no\">\n\t\t\t\t\t<div class=\"elementor-column elementor-col-100 elementor-top-column elementor-element elementor-element-c022c66\" data-id=\"c022c66\" data-element_type=\"column\" data-e-type=\"column\">\n\t\t\t<div class=\"elementor-widget-wrap elementor-element-populated\">\n\t\t\t\t\t\t<section class=\"elementor-section elementor-inner-section elementor-element elementor-element-0923afc elementor-section-boxed elementor-section-height-default elementor-section-height-default\" data-id=\"0923afc\" data-element_type=\"section\" data-e-type=\"section\">\n\t\t\t\t\t\t<div class=\"elementor-container elementor-column-gap-extended\">\n\t\t\t\t\t<div class=\"elementor-column elementor-col-100 elementor-inner-column elementor-element elementor-element-916f16b\" data-id=\"916f16b\" data-element_type=\"column\" data-e-type=\"column\">\n\t\t\t<div class=\"elementor-widget-wrap elementor-element-populated\">\n\t\t\t\t\t\t<div class=\"elementor-element elementor-element-f04f64d elementor-invisible elementor-widget elementor-widget-heading\" data-id=\"f04f64d\" data-element_type=\"widget\" data-e-type=\"widget\" data-settings=\"{&quot;_animation&quot;:&quot;fadeInUp&quot;}\" data-widget_type=\"heading.default\">\n\t\t\t\t<div class=\"elementor-widget-container\">\n\t\t\t\t\t<h1 class=\"elementor-heading-title elementor-size-default\">contacto<\/h1>\t\t\t\t<\/div>\n\t\t\t\t<\/div>\n\t\t\t\t\t<\/div>\n\t\t<\/div>\n\t\t\t\t\t<\/div>\n\t\t<\/section>\n\t\t\t\t\t<\/div>\n\t\t<\/div>\n\t\t\t\t\t<\/div>\n\t\t<\/header>\n\t\t\t\t<section class=\"elementor-section elementor-top-section elementor-element elementor-element-039c5db elementor-section-boxed elementor-section-height-default elementor-section-height-default\" data-id=\"039c5db\" data-element_type=\"section\" data-e-type=\"section\" data-settings=\"{&quot;background_background&quot;:&quot;classic&quot;}\">\n\t\t\t\t\t\t<div class=\"elementor-container elementor-column-gap-wider\">\n\t\t\t\t\t<div class=\"elementor-column elementor-col-50 elementor-top-column elementor-element elementor-element-ebeb3ab\" data-id=\"ebeb3ab\" data-element_type=\"column\" data-e-type=\"column\">\n\t\t\t<div class=\"elementor-widget-wrap elementor-element-populated\">\n\t\t\t\t\t\t<div class=\"elementor-element elementor-element-da9deeb elementor-widget elementor-widget-heading\" data-id=\"da9deeb\" data-element_type=\"widget\" data-e-type=\"widget\" data-widget_type=\"heading.default\">\n\t\t\t\t<div class=\"elementor-widget-container\">\n\t\t\t\t\t<h3 class=\"elementor-heading-title elementor-size-default\">Preguntas frecuentes\n<\/h3>\t\t\t\t<\/div>\n\t\t\t\t<\/div>\n\t\t\t\t<div class=\"elementor-element elementor-element-5d27fd4 elementor-widget elementor-widget-toggle\" data-id=\"5d27fd4\" data-element_type=\"widget\" data-e-type=\"widget\" data-widget_type=\"toggle.default\">\n\t\t\t\t<div class=\"elementor-widget-container\">\n\t\t\t\t\t\t\t<div class=\"elementor-toggle\">\n\t\t\t\t\t\t\t<div class=\"elementor-toggle-item\">\n\t\t\t\t\t<div id=\"elementor-tab-title-9761\" class=\"elementor-tab-title\" data-tab=\"1\" role=\"button\" aria-controls=\"elementor-tab-content-9761\" aria-expanded=\"false\">\n\t\t\t\t\t\t\t\t\t\t\t\t<span class=\"elementor-toggle-icon elementor-toggle-icon-right\" aria-hidden=\"true\">\n\t\t\t\t\t\t\t\t\t\t\t\t\t\t\t<span class=\"elementor-toggle-icon-closed\"><i class=\"fas fa-caret-right\"><\/i><\/span>\n\t\t\t\t\t\t\t\t<span class=\"elementor-toggle-icon-opened\"><i class=\"elementor-toggle-icon-opened fas fa-caret-up\"><\/i><\/span>\n\t\t\t\t\t\t\t\t\t\t\t\t\t<\/span>\n\t\t\t\t\t\t\t\t\t\t\t\t<a class=\"elementor-toggle-title\" tabindex=\"0\">\u00bfC\u00f3mo puedo cancelar o modificar una reserva?<\/a>\n\t\t\t\t\t<\/div>\n\n\t\t\t\t\t<div id=\"elementor-tab-content-9761\" class=\"elementor-tab-content elementor-clearfix\" data-tab=\"1\" role=\"region\" aria-labelledby=\"elementor-tab-title-9761\"><p>Tienes derecho a cancelar o modificar tu reserva hasta 24 horas antes del inicio del servicio. Si deseas cancelar o modificar tu reserva, debes ponerte en contacto con el servicio de atenci\u00f3n al cliente en&nbsp;<span style=\"background-color: var( --e-global-color-primary ); color: var(--ast-global-color-3);\">(000) 000-000<\/span><span style=\"font-style: inherit; font-weight: inherit; background-color: var( --e-global-color-primary ); color: var(--ast-global-color-3);\">. La cancelaci\u00f3n de tu reserva m\u00e1s de 24 horas antes del inicio del servicio ser\u00e1 gratuita. Si cancelas o modificas tu reserva menos de 24 horas antes del inicio del servicio, no se te reembolsar\u00e1 el importe que hayas pagado.&nbsp;<\/span><\/p>\n<p>&nbsp;El plazo de validez de una reserva incluye cualquier caso de fuerza mayor. Si se cancela o modifica una reserva, se tendr\u00e1n en cuenta los mismos plazos detallados anteriormente. Si alguien no se presenta al inicio del servicio, no tendr\u00e1 derecho a reclamar ni siquiera en caso de fuerza mayor.Este art\u00edculo ofrece env\u00edo gratuito en productos <a href=\"https:\/\/www.high-endrolex.com\/\">Face mask<\/a> calificados, o c\u00f3mprelos en l\u00ednea y rec\u00f3jalos en la tienda hoy en el Departamento M\u00e9dico.<\/p><\/div>\n\t\t\t\t<\/div>\n\t\t\t\t\t\t\t<div class=\"elementor-toggle-item\">\n\t\t\t\t\t<div id=\"elementor-tab-title-9762\" class=\"elementor-tab-title\" data-tab=\"2\" role=\"button\" aria-controls=\"elementor-tab-content-9762\" aria-expanded=\"false\">\n\t\t\t\t\t\t\t\t\t\t\t\t<span class=\"elementor-toggle-icon elementor-toggle-icon-right\" aria-hidden=\"true\">\n\t\t\t\t\t\t\t\t\t\t\t\t\t\t\t<span class=\"elementor-toggle-icon-closed\"><i class=\"fas fa-caret-right\"><\/i><\/span>\n\t\t\t\t\t\t\t\t<span class=\"elementor-toggle-icon-opened\"><i class=\"elementor-toggle-icon-opened fas fa-caret-up\"><\/i><\/span>\n\t\t\t\t\t\t\t\t\t\t\t\t\t<\/span>\n\t\t\t\t\t\t\t\t\t\t\t\t<a class=\"elementor-toggle-title\" tabindex=\"0\">\u00bfPuedo reservar cuando llegue a El Calafate? Aunque nuestra oficina se ubica en pleno centro <\/a>\n\t\t\t\t\t<\/div>\n\n\t\t\t\t\t<div id=\"elementor-tab-content-9762\" class=\"elementor-tab-content elementor-clearfix\" data-tab=\"2\" role=\"region\" aria-labelledby=\"elementor-tab-title-9762\"><p>Nuestra oficina se encuentra en el centro de El Calafate, pero siempre es aconsejable reservar tus excursiones en l\u00ednea para asegurarte la disponibilidad. Si reservas con antelaci\u00f3n, puedes asegurarte de que las tarifa no estara sujeta a cambios. Puedes ponerte en contacto con nosotros cuando llegues a tu destino, pero es posible que algunas excursiones ya no est\u00e9n disponibles o hayan incrementado de precio.<br><\/p><\/div>\n\t\t\t\t<\/div>\n\t\t\t\t\t\t\t<div class=\"elementor-toggle-item\">\n\t\t\t\t\t<div id=\"elementor-tab-title-9763\" class=\"elementor-tab-title\" data-tab=\"3\" role=\"button\" aria-controls=\"elementor-tab-content-9763\" aria-expanded=\"false\">\n\t\t\t\t\t\t\t\t\t\t\t\t<span class=\"elementor-toggle-icon elementor-toggle-icon-right\" aria-hidden=\"true\">\n\t\t\t\t\t\t\t\t\t\t\t\t\t\t\t<span class=\"elementor-toggle-icon-closed\"><i class=\"fas fa-caret-right\"><\/i><\/span>\n\t\t\t\t\t\t\t\t<span class=\"elementor-toggle-icon-opened\"><i class=\"elementor-toggle-icon-opened fas fa-caret-up\"><\/i><\/span>\n\t\t\t\t\t\t\t\t\t\t\t\t\t<\/span>\n\t\t\t\t\t\t\t\t\t\t\t\t<a class=\"elementor-toggle-title\" tabindex=\"0\">\u00bfC\u00f3mo es el clima y que ropa debo traer?<\/a>\n\t\t\t\t\t<\/div>\n\n\t\t\t\t\t<div id=\"elementor-tab-content-9763\" class=\"elementor-tab-content elementor-clearfix\" data-tab=\"3\" role=\"region\" aria-labelledby=\"elementor-tab-title-9763\"><p>El clima de nuestra zona es t\u00edpicamente seco y las dr\u00e1sticas diferencias de temperatura entre estaciones no nos impiden disfrutar de distintas actividades al aire libre. Los vientos proceden sobre todo del oeste o del suroeste. En verano, estos vientos son m\u00e1s frecuentes e intensos. La temperatura media anual es de 7,2\u00baC, con una media de 1,8\u00baC en julio y 18,6\u00baC en enero.<\/p><p>Es aconsejable llevar ropa informal y relajada, en la medida de lo posible. Son especialmente recomendables los cortavientos con capucha, los abrigos, los guantes, las bufandas y las chaquetas. El calzado debe incluir zapatillas de deporte o de andar por casa, y no deben olvidarse las gafas de sol con un factor de protecci\u00f3n UV de 40.<br><\/p><\/div>\n\t\t\t\t<\/div>\n\t\t\t\t\t\t\t<div class=\"elementor-toggle-item\">\n\t\t\t\t\t<div id=\"elementor-tab-title-9764\" class=\"elementor-tab-title\" data-tab=\"4\" role=\"button\" aria-controls=\"elementor-tab-content-9764\" aria-expanded=\"false\">\n\t\t\t\t\t\t\t\t\t\t\t\t<span class=\"elementor-toggle-icon elementor-toggle-icon-right\" aria-hidden=\"true\">\n\t\t\t\t\t\t\t\t\t\t\t\t\t\t\t<span class=\"elementor-toggle-icon-closed\"><i class=\"fas fa-caret-right\"><\/i><\/span>\n\t\t\t\t\t\t\t\t<span class=\"elementor-toggle-icon-opened\"><i class=\"elementor-toggle-icon-opened fas fa-caret-up\"><\/i><\/span>\n\t\t\t\t\t\t\t\t\t\t\t\t\t<\/span>\n\t\t\t\t\t\t\t\t\t\t\t\t<a class=\"elementor-toggle-title\" tabindex=\"0\">\u00bfQu\u00e9 documentos necesito?<\/a>\n\t\t\t\t\t<\/div>\n\n\t\t\t\t\t<div id=\"elementor-tab-content-9764\" class=\"elementor-tab-content elementor-clearfix\" data-tab=\"4\" role=\"region\" aria-labelledby=\"elementor-tab-title-9764\"><p>Si eres de Argentina o de un pa\u00eds lim\u00edtrofe, el documento de identidad t\u00edpico de tu pa\u00eds de origen ser\u00e1 suficiente tanto para residir en la zona como para realizar viajes por la zona, como por ejemplo a Chile. En cambio, si procedes de cualquier otro pa\u00eds, deber\u00e1s llevar contigo el Pasaporte y el Seguro de Viaje. Deber\u00e1s consultar con tu embajada u oficina de migraci\u00f3n en tu pa\u00eds de origen para saber qu\u00e9 tipo de visado es necesario.<\/p><p>Debe considerarse \u00abobligatorio\u00bb que los menores de 18 a\u00f1os tengan a mano sus documentos de identidad y permanezcan con sus padres o tutores legalmente designados, sobre todo para las expediciones de escalada en hielo, el senderismo por la Cordillera Continental y las visitas a Chile, ya que estas actividades los requerir\u00e1n.<br><\/p><\/div>\n\t\t\t\t<\/div>\n\t\t\t\t\t\t\t<div class=\"elementor-toggle-item\">\n\t\t\t\t\t<div id=\"elementor-tab-title-9765\" class=\"elementor-tab-title\" data-tab=\"5\" role=\"button\" aria-controls=\"elementor-tab-content-9765\" aria-expanded=\"false\">\n\t\t\t\t\t\t\t\t\t\t\t\t<span class=\"elementor-toggle-icon elementor-toggle-icon-right\" aria-hidden=\"true\">\n\t\t\t\t\t\t\t\t\t\t\t\t\t\t\t<span class=\"elementor-toggle-icon-closed\"><i class=\"fas fa-caret-right\"><\/i><\/span>\n\t\t\t\t\t\t\t\t<span class=\"elementor-toggle-icon-opened\"><i class=\"elementor-toggle-icon-opened fas fa-caret-up\"><\/i><\/span>\n\t\t\t\t\t\t\t\t\t\t\t\t\t<\/span>\n\t\t\t\t\t\t\t\t\t\t\t\t<a class=\"elementor-toggle-title\" tabindex=\"0\">\u00bfC\u00f3mo puedo pagar la entrada a los parques nacionales?<\/a>\n\t\t\t\t\t<\/div>\n\n\t\t\t\t\t<div id=\"elementor-tab-content-9765\" class=\"elementor-tab-content elementor-clearfix\" data-tab=\"5\" role=\"region\" aria-labelledby=\"elementor-tab-title-9765\"><p>En el caso de contar con pesos argentinos, d\u00f3lares u otra moneda y necesitar cambiar a pesos chilenos, en la frontera entre Argentina y Chile es posible hacerlo.<\/p><\/div>\n\t\t\t\t<\/div>\n\t\t\t\t\t\t\t<div class=\"elementor-toggle-item\">\n\t\t\t\t\t<div id=\"elementor-tab-title-9766\" class=\"elementor-tab-title\" data-tab=\"6\" role=\"button\" aria-controls=\"elementor-tab-content-9766\" aria-expanded=\"false\">\n\t\t\t\t\t\t\t\t\t\t\t\t<span class=\"elementor-toggle-icon elementor-toggle-icon-right\" aria-hidden=\"true\">\n\t\t\t\t\t\t\t\t\t\t\t\t\t\t\t<span class=\"elementor-toggle-icon-closed\"><i class=\"fas fa-caret-right\"><\/i><\/span>\n\t\t\t\t\t\t\t\t<span class=\"elementor-toggle-icon-opened\"><i class=\"elementor-toggle-icon-opened fas fa-caret-up\"><\/i><\/span>\n\t\t\t\t\t\t\t\t\t\t\t\t\t<\/span>\n\t\t\t\t\t\t\t\t\t\t\t\t<a class=\"elementor-toggle-title\" tabindex=\"0\">\u00bfLas excursiones se suspenden por lluvia o mal clima?<\/a>\n\t\t\t\t\t<\/div>\n\n\t\t\t\t\t<div id=\"elementor-tab-content-9766\" class=\"elementor-tab-content elementor-clearfix\" data-tab=\"6\" role=\"region\" aria-labelledby=\"elementor-tab-title-9766\"><p>Las excursiones se realizan todos los d\u00edas independientemente del tiempo que haga; no se aplazan por lluvia. Muy improbable pero posible, un clima de viento o nieve que impida la realizaci\u00f3n de la excursi\u00f3n dar\u00e1 lugar a un cambio de fecha al d\u00eda siguiente o a la devoluci\u00f3n del dinero pagado.<\/p><\/div>\n\t\t\t\t<\/div>\n\t\t\t\t\t\t\t\t<\/div>\n\t\t\t\t\t\t<\/div>\n\t\t\t\t<\/div>\n\t\t\t\t\t<\/div>\n\t\t<\/div>\n\t\t\t\t<div class=\"elementor-column elementor-col-50 elementor-top-column elementor-element elementor-element-431fd95\" data-id=\"431fd95\" data-element_type=\"column\" data-e-type=\"column\">\n\t\t\t<div class=\"elementor-widget-wrap elementor-element-populated\">\n\t\t\t\t\t\t<div class=\"elementor-element elementor-element-ef44b7b elementor-widget elementor-widget-heading\" data-id=\"ef44b7b\" data-element_type=\"widget\" data-e-type=\"widget\" data-widget_type=\"heading.default\">\n\t\t\t\t<div class=\"elementor-widget-container\">\n\t\t\t\t\t<h3 class=\"elementor-heading-title elementor-size-default\">Preguntas frecuentes\n<\/h3>\t\t\t\t<\/div>\n\t\t\t\t<\/div>\n\t\t\t\t<div class=\"elementor-element elementor-element-7fa7a19 elementor-button-align-stretch elementor-widget elementor-widget-form\" data-id=\"7fa7a19\" data-element_type=\"widget\" data-e-type=\"widget\" data-settings=\"{&quot;step_next_label&quot;:&quot;Next&quot;,&quot;step_previous_label&quot;:&quot;Previous&quot;,&quot;button_width&quot;:&quot;100&quot;,&quot;step_type&quot;:&quot;number_text&quot;,&quot;step_icon_shape&quot;:&quot;circle&quot;}\" data-widget_type=\"form.default\">\n\t\t\t\t<div class=\"elementor-widget-container\">\n\t\t\t\t\t\t\t<form class=\"elementor-form\" method=\"post\" name=\"New Form\" aria-label=\"New Form\" action=\"\">\n\t\t\t<input type=\"hidden\" name=\"post_id\" value=\"222\"\/>\n\t\t\t<input type=\"hidden\" name=\"form_id\" value=\"7fa7a19\"\/>\n\t\t\t<input type=\"hidden\" name=\"referer_title\" value=\"Contacto - Mi Excursion en Calafate\" \/>\n\n\t\t\t\t\t\t\t<input type=\"hidden\" name=\"queried_id\" value=\"222\"\/>\n\t\t\t\n\t\t\t<div class=\"ele-extensions-hide-form elementor-form-fields-wrapper elementor-labels-above\">\n\t\t\t\t\t\t\t\t<div class=\"elementor-field-type-text elementor-field-group elementor-column elementor-field-group-name elementor-col-100\">\n\t\t\t\t\t\t\t\t\t\t\t\t\t<input size=\"1\" type=\"text\" name=\"form_fields[name]\" id=\"form-field-name\" class=\"elementor-field elementor-size-sm  elementor-field-textual\" placeholder=\"Nombre\">\n\t\t\t\t\t\t\t\t\t\t\t<\/div>\n\t\t\t\t\t\t\t\t<div class=\"elementor-field-type-email elementor-field-group elementor-column elementor-field-group-email elementor-col-100 elementor-field-required\">\n\t\t\t\t\t\t\t\t\t\t\t\t\t<input size=\"1\" type=\"email\" name=\"form_fields[email]\" id=\"form-field-email\" class=\"elementor-field elementor-size-sm  elementor-field-textual\" placeholder=\"Email\" required=\"required\">\n\t\t\t\t\t\t\t\t\t\t\t<\/div>\n\t\t\t\t\t\t\t\t<div class=\"elementor-field-type-text elementor-field-group elementor-column elementor-field-group-field_7d0548a elementor-col-100 elementor-field-required\">\n\t\t\t\t\t\t\t\t\t\t\t\t\t<input size=\"1\" type=\"text\" name=\"form_fields[field_7d0548a]\" id=\"form-field-field_7d0548a\" class=\"elementor-field elementor-size-sm  elementor-field-textual\" placeholder=\"Telefono de contacto\" required=\"required\">\n\t\t\t\t\t\t\t\t\t\t\t<\/div>\n\t\t\t\t\t\t\t\t<div class=\"elementor-field-type-select elementor-field-group elementor-column elementor-field-group-field_16821cd elementor-col-100 elementor-field-required\">\n\t\t\t\t\t\t\t\t\t\t\t\t<label for=\"form-field-field_16821cd\" class=\"elementor-field-label\">\n\t\t\t\t\t\t\t\tElegir excrusi\u00f3n de interes\t\t\t\t\t\t\t<\/label>\n\t\t\t\t\t\t\t\t<div class=\"elementor-field elementor-select-wrapper remove-before\">\n\t\t\t<div class=\"select-caret-down-wrapper\">\n\t\t\t\t<i aria-hidden=\"true\" class=\"eicon-caret-down\"><\/i>\t\t\t<\/div>\n\t\t\t<select name=\"form_fields[field_16821cd]\" id=\"form-field-field_16821cd\" class=\"elementor-field-textual elementor-size-sm\" required=\"required\">\n\t\t\t\t\t\t\t\t\t<option value=\"Minitreking perito moreno\">Minitreking perito moreno<\/option>\n\t\t\t\t\t\t\t\t\t<option value=\"Treking laguna de los tres\">Treking laguna de los tres<\/option>\n\t\t\t\t\t\t\t\t\t<option value=\"Safari Azul\">Safari Azul<\/option>\n\t\t\t\t\t\t\t\t\t<option value=\"Trekking libre en El Chalt\u00e9n\">Trekking libre en El Chalt\u00e9n<\/option>\n\t\t\t\t\t\t\t\t\t<option value=\"Pasarelas Perito Moreno\">Pasarelas Perito Moreno<\/option>\n\t\t\t\t\t\t\t\t\t<option value=\"Glaciares Gourmet\">Glaciares Gourmet<\/option>\n\t\t\t\t\t\t\t\t\t<option value=\"Navegaci\u00f3n Todo Glaciares\">Navegaci\u00f3n Todo Glaciares<\/option>\n\t\t\t\t\t\t\t\t\t<option value=\"Navegaci\u00f3n Safari N\u00e1utico\">Navegaci\u00f3n Safari N\u00e1utico<\/option>\n\t\t\t\t\t\t\t<\/select>\n\t\t<\/div>\n\t\t\t\t\t\t<\/div>\n\t\t\t\t\t\t\t\t<div class=\"elementor-field-type-textarea elementor-field-group elementor-column elementor-field-group-message elementor-col-100\">\n\t\t\t\t\t<textarea class=\"elementor-field-textual elementor-field  elementor-size-sm\" name=\"form_fields[message]\" id=\"form-field-message\" rows=\"4\" placeholder=\"Mensaje\"><\/textarea>\t\t\t\t<\/div>\n\t\t\t\t\t\t\t\t<div class=\"elementor-field-group elementor-column elementor-field-type-submit elementor-col-100 e-form__buttons\">\n\t\t\t\t\t<button class=\"elementor-button elementor-size-sm\" type=\"submit\">\n\t\t\t\t\t\t<span class=\"elementor-button-content-wrapper\">\n\t\t\t\t\t\t\t\t\t\t\t\t\t\t\t\t\t\t\t\t\t\t<span class=\"elementor-button-text\">Enviar mensaje<\/span>\n\t\t\t\t\t\t\t\t\t\t\t\t\t<\/span>\n\t\t\t\t\t<\/button>\n\t\t\t\t<\/div>\n\t\t\t<\/div>\n\t\t<input type=\"hidden\" name=\"trp-form-language\" value=\"en\"\/><\/form>\n\t\t\t\t\t\t<\/div>\n\t\t\t\t<\/div>\n\t\t\t\t\t<\/div>\n\t\t<\/div>\n\t\t\t\t\t<\/div>\n\t\t<\/section>\n\t\t\t\t<\/div>","protected":false},"excerpt":{"rendered":"<p>contacto Preguntas frecuentes \u00bfC\u00f3mo puedo cancelar o modificar una reserva? Tienes derecho a cancelar o modificar tu reserva hasta 24 horas antes del inicio del servicio. Si deseas cancelar o modificar tu reserva, debes ponerte en contacto con el servicio de atenci\u00f3n al cliente en&nbsp;(000) 000-000. La cancelaci\u00f3n de tu reserva m\u00e1s de 24 horas &hellip; <br \/><a href=\"https:\/\/miexcursionencalafate.com\/en\/contacto\/\" class=\"more-link\">Continue reading <span class=\"screen-reader-text\">Contacto<\/span><\/a><\/p>","protected":false},"author":1,"featured_media":0,"parent":0,"menu_order":0,"comment_status":"closed","ping_status":"closed","template":"","meta":{"_uag_custom_page_level_css":"","_monsterinsights_skip_tracking":false,"_monsterinsights_sitenote_active":false,"_monsterinsights_sitenote_note":"","_monsterinsights_sitenote_category":0,"footnotes":""},"class_list":["post-222","page","type-page","status-publish","hentry"],"aioseo_notices":[],"uagb_featured_image_src":{"full":false,"thumbnail":false,"medium":false,"medium_large":false,"large":false,"1536x1536":false,"2048x2048":false,"trp-custom-language-flag":false,"ba-thumbnail":false,"ba-thumbnail-sq":false,"post-thumbnail":false,"travlio-blog-grid":false,"travlio-grid-thumbnail":false,"travlio-gallery-rectangle":false},"uagb_author_info":{"display_name":"MIAMI","author_link":"https:\/\/miexcursionencalafate.com\/en\/author\/miami\/"},"uagb_comment_info":0,"uagb_excerpt":"contacto Preguntas frecuentes \u00bfC\u00f3mo puedo cancelar o modificar una reserva? Tienes derecho a cancelar o modificar tu reserva hasta 24 horas antes del inicio del servicio. Si deseas cancelar o modificar tu reserva, debes ponerte en contacto con el servicio de atenci\u00f3n al cliente en&nbsp;(000) 000-000. La cancelaci\u00f3n de tu reserva m\u00e1s de 24 horas&hellip;","_links":{"self":[{"href":"https:\/\/miexcursionencalafate.com\/en\/wp-json\/wp\/v2\/pages\/222","targetHints":{"allow":["GET"]}}],"collection":[{"href":"https:\/\/miexcursionencalafate.com\/en\/wp-json\/wp\/v2\/pages"}],"about":[{"href":"https:\/\/miexcursionencalafate.com\/en\/wp-json\/wp\/v2\/types\/page"}],"author":[{"embeddable":true,"href":"https:\/\/miexcursionencalafate.com\/en\/wp-json\/wp\/v2\/users\/1"}],"replies":[{"embeddable":true,"href":"https:\/\/miexcursionencalafate.com\/en\/wp-json\/wp\/v2\/comments?post=222"}],"version-history":[{"count":64,"href":"https:\/\/miexcursionencalafate.com\/en\/wp-json\/wp\/v2\/pages\/222\/revisions"}],"predecessor-version":[{"id":2109,"href":"https:\/\/miexcursionencalafate.com\/en\/wp-json\/wp\/v2\/pages\/222\/revisions\/2109"}],"wp:attachment":[{"href":"https:\/\/miexcursionencalafate.com\/en\/wp-json\/wp\/v2\/media?parent=222"}],"curies":[{"name":"wp","href":"https:\/\/api.w.org\/{rel}","templated":true}]}}