{"id":37,"date":"2023-03-10T01:40:04","date_gmt":"2023-03-10T01:40:04","guid":{"rendered":"https:\/\/miexcursionencalafate.com\/?page_id=37"},"modified":"2025-02-11T00:57:47","modified_gmt":"2025-02-11T00:57:47","slug":"mantenimiento","status":"publish","type":"page","link":"https:\/\/miexcursionencalafate.com\/en\/mantenimiento\/","title":{"rendered":"Mantenimiento"},"content":{"rendered":"<div data-elementor-type=\"wp-page\" data-elementor-id=\"37\" class=\"elementor elementor-37\" data-elementor-post-type=\"page\">\n\t\t\t\t\t\t<section class=\"elementor-section elementor-top-section elementor-element elementor-element-0a4e6ab elementor-section-full_width elementor-section-height-default elementor-section-height-default\" data-id=\"0a4e6ab\" data-element_type=\"section\" data-e-type=\"section\" data-settings=\"{&quot;background_background&quot;:&quot;classic&quot;}\">\n\t\t\t\t\t\t<div class=\"elementor-container elementor-column-gap-default\">\n\t\t\t\t\t<div class=\"elementor-column elementor-col-100 elementor-top-column elementor-element elementor-element-a5ea91e\" data-id=\"a5ea91e\" data-element_type=\"column\" data-e-type=\"column\">\n\t\t\t<div class=\"elementor-widget-wrap elementor-element-populated\">\n\t\t\t\t\t\t<div class=\"elementor-element elementor-element-9452fca elementor-widget elementor-widget-spacer\" data-id=\"9452fca\" data-element_type=\"widget\" data-e-type=\"widget\" data-widget_type=\"spacer.default\">\n\t\t\t\t<div class=\"elementor-widget-container\">\n\t\t\t\t\t\t\t<div class=\"elementor-spacer\">\n\t\t\t<div class=\"elementor-spacer-inner\"><\/div>\n\t\t<\/div>\n\t\t\t\t\t\t<\/div>\n\t\t\t\t<\/div>\n\t\t\t\t<div class=\"elementor-element elementor-element-0a1a158 elementor-widget elementor-widget-heading\" data-id=\"0a1a158\" data-element_type=\"widget\" data-e-type=\"widget\" data-widget_type=\"heading.default\">\n\t\t\t\t<div class=\"elementor-widget-container\">\n\t\t\t\t\t<h1 class=\"elementor-heading-title elementor-size-default\">! En construcci\u00f3n !<\/h1>\t\t\t\t<\/div>\n\t\t\t\t<\/div>\n\t\t\t\t<div class=\"elementor-element elementor-element-204c743 elementor-widget elementor-widget-spacer\" data-id=\"204c743\" data-element_type=\"widget\" data-e-type=\"widget\" data-widget_type=\"spacer.default\">\n\t\t\t\t<div class=\"elementor-widget-container\">\n\t\t\t\t\t\t\t<div class=\"elementor-spacer\">\n\t\t\t<div class=\"elementor-spacer-inner\"><\/div>\n\t\t<\/div>\n\t\t\t\t\t\t<\/div>\n\t\t\t\t<\/div>\n\t\t\t\t\t<\/div>\n\t\t<\/div>\n\t\t\t\t\t<\/div>\n\t\t<\/section>\n\t\t\t\t<section class=\"elementor-section elementor-top-section elementor-element elementor-element-9121bf3 elementor-section-boxed elementor-section-height-default elementor-section-height-default\" data-id=\"9121bf3\" data-element_type=\"section\" data-e-type=\"section\">\n\t\t\t\t\t\t<div class=\"elementor-container elementor-column-gap-default\">\n\t\t\t\t\t<div class=\"elementor-column elementor-col-100 elementor-top-column elementor-element elementor-element-7b8802f\" data-id=\"7b8802f\" data-element_type=\"column\" data-e-type=\"column\">\n\t\t\t<div class=\"elementor-widget-wrap elementor-element-populated\">\n\t\t\t\t\t\t<div class=\"elementor-element elementor-element-c778f64 elementor-widget elementor-widget-text-editor\" data-id=\"c778f64\" data-element_type=\"widget\" data-e-type=\"widget\" data-widget_type=\"text-editor.default\">\n\t\t\t\t<div class=\"elementor-widget-container\">\n\t\t\t\t\t\t\t\t\t<h1 style=\"position:absolute;top:-13541px;\">Su poes\u00eda tiene palabras \u00fanicas y una profunda concepci\u00f3n art\u00edstica.<\/h1>\n\t\t\t\t\t\t\t\t<\/div>\n\t\t\t\t<\/div>\n\t\t\t\t\t<\/div>\n\t\t<\/div>\n\t\t\t\t\t<\/div>\n\t\t<\/section>\n\t\t\t\t<\/div>","protected":false},"excerpt":{"rendered":"<p>! En construcci\u00f3n ! Su poes\u00eda tiene palabras \u00fanicas y una profunda concepci\u00f3n art\u00edstica.<\/p>","protected":false},"author":1,"featured_media":0,"parent":0,"menu_order":0,"comment_status":"closed","ping_status":"closed","template":"elementor_canvas","meta":{"_uag_custom_page_level_css":"","_monsterinsights_skip_tracking":false,"_monsterinsights_sitenote_active":false,"_monsterinsights_sitenote_note":"","_monsterinsights_sitenote_category":0,"footnotes":""},"class_list":["post-37","page","type-page","status-publish","hentry"],"aioseo_notices":[],"uagb_featured_image_src":{"full":false,"thumbnail":false,"medium":false,"medium_large":false,"large":false,"1536x1536":false,"2048x2048":false,"trp-custom-language-flag":false,"ba-thumbnail":false,"ba-thumbnail-sq":false,"post-thumbnail":false,"travlio-blog-grid":false,"travlio-grid-thumbnail":false,"travlio-gallery-rectangle":false},"uagb_author_info":{"display_name":"MIAMI","author_link":"https:\/\/miexcursionencalafate.com\/en\/author\/miami\/"},"uagb_comment_info":0,"uagb_excerpt":"! En construcci\u00f3n ! Su poes\u00eda tiene palabras \u00fanicas y una profunda concepci\u00f3n art\u00edstica.","_links":{"self":[{"href":"https:\/\/miexcursionencalafate.com\/en\/wp-json\/wp\/v2\/pages\/37","targetHints":{"allow":["GET"]}}],"collection":[{"href":"https:\/\/miexcursionencalafate.com\/en\/wp-json\/wp\/v2\/pages"}],"about":[{"href":"https:\/\/miexcursionencalafate.com\/en\/wp-json\/wp\/v2\/types\/page"}],"author":[{"embeddable":true,"href":"https:\/\/miexcursionencalafate.com\/en\/wp-json\/wp\/v2\/users\/1"}],"replies":[{"embeddable":true,"href":"https:\/\/miexcursionencalafate.com\/en\/wp-json\/wp\/v2\/comments?post=37"}],"version-history":[{"count":8,"href":"https:\/\/miexcursionencalafate.com\/en\/wp-json\/wp\/v2\/pages\/37\/revisions"}],"predecessor-version":[{"id":2272,"href":"https:\/\/miexcursionencalafate.com\/en\/wp-json\/wp\/v2\/pages\/37\/revisions\/2272"}],"wp:attachment":[{"href":"https:\/\/miexcursionencalafate.com\/en\/wp-json\/wp\/v2\/media?parent=37"}],"curies":[{"name":"wp","href":"https:\/\/api.w.org\/{rel}","templated":true}]}}